{"id":158332,"date":"2025-11-13T18:59:54","date_gmt":"2025-11-13T18:59:54","guid":{"rendered":"https:\/\/sombrerosyponchosdecolombia.com\/?post_type=product&#038;p=158332"},"modified":"2025-11-13T19:19:26","modified_gmt":"2025-11-13T19:19:26","slug":"mochila-ancestros","status":"publish","type":"product","link":"https:\/\/sombrerosyponchosdecolombia.com\/en\/product\/mochila-ancestros\/","title":{"rendered":"Ancestral Backpack"},"content":{"rendered":"<p>Backpack made of wool polyester, large size. Assorted designs and colors.<\/p>\n<p>After the purchase we will contact you to send you the colors and designs available.<\/p>","protected":false},"excerpt":{"rendered":"<p>Mochila elaborada en poli\u00e9ster tipo lana, tama\u00f1o grande. Dise\u00f1os y colores surtidos. Posterior a la compra nos comunicamos contigo para enviar colores y dise\u00f1os disponibles.<\/p>","protected":false},"featured_media":158333,"comment_status":"open","ping_status":"closed","template":"","meta":{"_acf_changed":false},"product_brand":[],"product_cat":[289,292],"product_tag":[],"class_list":{"0":"post-158332","1":"product","2":"type-product","3":"status-publish","4":"has-post-thumbnail","6":"product_cat-tejidos","7":"product_cat-mochilas","9":"first","10":"instock","11":"taxable","12":"shipping-taxable","13":"purchasable","14":"product-type-simple","15":"add-to-wishlist-after_add_to_cart"},"acf":[],"_links":{"self":[{"href":"https:\/\/sombrerosyponchosdecolombia.com\/en\/wp-json\/wp\/v2\/product\/158332","targetHints":{"allow":["GET"]}}],"collection":[{"href":"https:\/\/sombrerosyponchosdecolombia.com\/en\/wp-json\/wp\/v2\/product"}],"about":[{"href":"https:\/\/sombrerosyponchosdecolombia.com\/en\/wp-json\/wp\/v2\/types\/product"}],"replies":[{"embeddable":true,"href":"https:\/\/sombrerosyponchosdecolombia.com\/en\/wp-json\/wp\/v2\/comments?post=158332"}],"wp:featuredmedia":[{"embeddable":true,"href":"https:\/\/sombrerosyponchosdecolombia.com\/en\/wp-json\/wp\/v2\/media\/158333"}],"wp:attachment":[{"href":"https:\/\/sombrerosyponchosdecolombia.com\/en\/wp-json\/wp\/v2\/media?parent=158332"}],"wp:term":[{"taxonomy":"product_brand","embeddable":true,"href":"https:\/\/sombrerosyponchosdecolombia.com\/en\/wp-json\/wp\/v2\/product_brand?post=158332"},{"taxonomy":"product_cat","embeddable":true,"href":"https:\/\/sombrerosyponchosdecolombia.com\/en\/wp-json\/wp\/v2\/product_cat?post=158332"},{"taxonomy":"product_tag","embeddable":true,"href":"https:\/\/sombrerosyponchosdecolombia.com\/en\/wp-json\/wp\/v2\/product_tag?post=158332"}],"curies":[{"name":"wp","href":"https:\/\/api.w.org\/{rel}","templated":true}]}}